{"id":13722,"date":"2026-04-11T03:25:24","date_gmt":"2026-04-11T03:25:24","guid":{"rendered":"https:\/\/brandpowers.shop\/?post_type=product&#038;p=13722"},"modified":"2026-04-11T03:31:47","modified_gmt":"2026-04-11T03:31:47","slug":"3mp-2k-smart-security-camera-baby-monitor-pet-cam-color-night-vision-motion-detection-easy-install-cloud-sd-storage","status":"publish","type":"product","link":"https:\/\/brandpowers.shop\/es\/producto\/3mp-2k-smart-security-camera-baby-monitor-pet-cam-color-night-vision-motion-detection-easy-install-cloud-sd-storage\/","title":{"rendered":"C\u00e1mara de seguridad inteligente de 3mp 2k, monitor de beb\u00e9 y c\u00e1mara para mascotas, visi\u00f3n nocturna en color, detecci\u00f3n de movimiento, f\u00e1cil instalaci\u00f3n, almacenamiento en la nube\/SD"},"content":{"rendered":"<div data-elementor-type=\"product-post\" data-elementor-id=\"13722\" class=\"elementor elementor-13722\" data-elementor-post-type=\"product\">\n\t\t\t\t<div class=\"elementor-element elementor-element-19b2d589 e-flex e-con-boxed e-con e-parent\" data-id=\"19b2d589\" data-element_type=\"container\" data-settings=\"{&quot;ekit_has_onepagescroll_dot&quot;:&quot;yes&quot;}\">\n\t\t\t\t\t<div class=\"e-con-inner\">\n\t\t<div class=\"elementor-element elementor-element-329a4618 e-grid e-con-full e-con e-child\" data-id=\"329a4618\" data-element_type=\"container\" data-settings=\"{&quot;ekit_has_onepagescroll_dot&quot;:&quot;yes&quot;}\">\n\t\t\t\t<div class=\"elementor-element elementor-element-1a173d33 elementor-widget elementor-widget-video\" data-id=\"1a173d33\" data-element_type=\"widget\" data-settings=\"{&quot;video_type&quot;:&quot;hosted&quot;,&quot;controls&quot;:&quot;yes&quot;,&quot;ekit_we_effect_on&quot;:&quot;none&quot;}\" data-widget_type=\"video.default\">\n\t\t\t\t<div class=\"elementor-widget-container\">\n\t\t\t\t\t\t\t<div class=\"e-hosted-video elementor-wrapper elementor-open-inline\">\n\t\t\t\t\t<video class=\"elementor-video\" src=\"https:\/\/brandpowers.shop\/wp-content\/uploads\/2026\/04\/video_2026-03-27_13-41-57.mp4\" controls=\"\" preload=\"metadata\" controlslist=\"nodownload\"><\/video>\n\t\t\t\t<\/div>\n\t\t\t\t\t\t<\/div>\n\t\t\t\t<\/div>\n\t\t\t\t<div class=\"elementor-element elementor-element-d97c386 elementor-widget elementor-widget-text-editor\" data-id=\"d97c386\" data-element_type=\"widget\" data-settings=\"{&quot;ekit_we_effect_on&quot;:&quot;none&quot;}\" data-widget_type=\"text-editor.default\">\n\t\t\t\t<div class=\"elementor-widget-container\">\n\t\t\t\t\t\t\t\t\t<div class=\"elementor-widget-container\">\n    # Informaci\u00f3n sobre el producto\n\n    <div class=\"product-table\">\n        <div class=\"product-row\">\n            <div class=\"product-label\">M\u00e1s informaci\u00f3n<\/div>\n            <div class=\"product-value\"><\/div>\n        <\/div>\n        <div class=\"product-row\">\n            <div class=\"product-label\">Color<\/div>\n            <div class=\"product-value\">blanco y negro<\/div>\n        <\/div>\n        <div class=\"product-row\">\n            <div class=\"product-label\">Tipo de habitaci\u00f3n<\/div>\n            <div class=\"product-value\">Vest\u00edbulo, Sala de estar, Sala de estudio<\/div>\n        <\/div>\n        <div class=\"product-row\">\n            <div class=\"product-label\">\u00d3ptica de la c\u00e1mara<\/div>\n            <div class=\"product-value\"><\/div>\n        <\/div>\n        <div class=\"product-row\">\n            <div class=\"product-label\">Campo de visi\u00f3n<\/div>\n            <div class=\"product-value\">355 grados<\/div>\n        <\/div>\n    <\/div>\n\n    <style>\n        .product-table {\n            width: 100%;\n            border-top: 1px solid #000;\n            font-family: Arial, sans-serif;\n        }\n\n        .product-row {\n            display: flex;\n            border-bottom: 1px solid #000;\n            padding: 12px 0;\n        }\n\n        .product-label {\n            flex: 1;\n            font-weight: bold;\n            min-width: 200px;\n            padding-right: 20px;\n        }\n\n        .product-value {\n            flex: 1;\n            min-width: 200px;\n        }\n    <\/style>\n<\/div>\t\t\t\t\t\t\t\t<\/div>\n\t\t\t\t<\/div>\n\t\t\t\t<\/div>\n\t\t\t\t\t<\/div>\n\t\t\t\t<\/div>\n\t\t<div class=\"elementor-element elementor-element-2404a7a0 e-flex e-con-boxed e-con e-parent\" data-id=\"2404a7a0\" data-element_type=\"container\" data-settings=\"{&quot;ekit_has_onepagescroll_dot&quot;:&quot;yes&quot;}\">\n\t\t\t\t\t<div class=\"e-con-inner\">\n\t\t\t\t<div class=\"elementor-element elementor-element-6a8a373c elementor-position-left elementor-vertical-align-middle elementor-widget elementor-widget-image-box\" data-id=\"6a8a373c\" data-element_type=\"widget\" data-settings=\"{&quot;ekit_we_effect_on&quot;:&quot;none&quot;}\" data-widget_type=\"image-box.default\">\n\t\t\t\t<div class=\"elementor-widget-container\">\n\t\t\t\t\t<div class=\"elementor-image-box-wrapper\"><figure class=\"elementor-image-box-img\"><img loading=\"lazy\" decoding=\"async\" width=\"1000\" height=\"540\" src=\"https:\/\/brandpowers.shop\/wp-content\/uploads\/2026\/04\/Sca0670c185434ed1a35574d99f29bfd1r.webp\" class=\"attachment-full size-full wp-image-13733 wvs-archive-product-image\" alt=\"\" srcset=\"https:\/\/brandpowers.shop\/wp-content\/uploads\/2026\/04\/Sca0670c185434ed1a35574d99f29bfd1r.webp 1000w, https:\/\/brandpowers.shop\/wp-content\/uploads\/2026\/04\/Sca0670c185434ed1a35574d99f29bfd1r-300x162.webp 300w, https:\/\/brandpowers.shop\/wp-content\/uploads\/2026\/04\/Sca0670c185434ed1a35574d99f29bfd1r-768x415.webp 768w, https:\/\/brandpowers.shop\/wp-content\/uploads\/2026\/04\/Sca0670c185434ed1a35574d99f29bfd1r-18x10.webp 18w, https:\/\/brandpowers.shop\/wp-content\/uploads\/2026\/04\/Sca0670c185434ed1a35574d99f29bfd1r-600x324.webp 600w, https:\/\/brandpowers.shop\/wp-content\/uploads\/2026\/04\/Sca0670c185434ed1a35574d99f29bfd1r-1x1.webp 1w, https:\/\/brandpowers.shop\/wp-content\/uploads\/2026\/04\/Sca0670c185434ed1a35574d99f29bfd1r-10x5.webp 10w\" sizes=\"auto, (max-width: 1000px) 100vw, 1000px\" \/><\/figure><div class=\"elementor-image-box-content\"><h3 class=\"elementor-image-box-title\">Visi\u00f3n nocturna en color - Seguridad las 24 horas<\/h3><p class=\"elementor-image-box-description\">Gracias a sus potentes LEDs infrarrojos y de luz blanca, la c\u00e1mara ofrece dos modos de visi\u00f3n nocturna: infrarrojo cl\u00e1sico en blanco y negro para m\u00e1xima discreci\u00f3n, o visi\u00f3n nocturna en color con iluminaci\u00f3n activa que permite ver detalles en color incluso en completa oscuridad.<\/p><\/div><\/div>\t\t\t\t<\/div>\n\t\t\t\t<\/div>\n\t\t\t\t<div class=\"elementor-element elementor-element-df47bba elementor-position-right elementor-vertical-align-middle elementor-widget elementor-widget-image-box\" data-id=\"df47bba\" data-element_type=\"widget\" data-settings=\"{&quot;ekit_we_effect_on&quot;:&quot;none&quot;}\" data-widget_type=\"image-box.default\">\n\t\t\t\t<div class=\"elementor-widget-container\">\n\t\t\t\t\t<div class=\"elementor-image-box-wrapper\"><figure class=\"elementor-image-box-img\"><img loading=\"lazy\" decoding=\"async\" width=\"970\" height=\"600\" src=\"https:\/\/brandpowers.shop\/wp-content\/uploads\/2026\/04\/21b9e395-b195-447e-917c-940a3c63c851.__CR00970600_PT0_SX970_V1___.jpg\" class=\"attachment-full size-full wp-image-13734 wvs-archive-product-image\" alt=\"\" srcset=\"https:\/\/brandpowers.shop\/wp-content\/uploads\/2026\/04\/21b9e395-b195-447e-917c-940a3c63c851.__CR00970600_PT0_SX970_V1___.jpg 970w, https:\/\/brandpowers.shop\/wp-content\/uploads\/2026\/04\/21b9e395-b195-447e-917c-940a3c63c851.__CR00970600_PT0_SX970_V1___-300x186.jpg 300w, https:\/\/brandpowers.shop\/wp-content\/uploads\/2026\/04\/21b9e395-b195-447e-917c-940a3c63c851.__CR00970600_PT0_SX970_V1___-768x475.jpg 768w, https:\/\/brandpowers.shop\/wp-content\/uploads\/2026\/04\/21b9e395-b195-447e-917c-940a3c63c851.__CR00970600_PT0_SX970_V1___-18x12.jpg 18w, https:\/\/brandpowers.shop\/wp-content\/uploads\/2026\/04\/21b9e395-b195-447e-917c-940a3c63c851.__CR00970600_PT0_SX970_V1___-600x371.jpg 600w, https:\/\/brandpowers.shop\/wp-content\/uploads\/2026\/04\/21b9e395-b195-447e-917c-940a3c63c851.__CR00970600_PT0_SX970_V1___-1x1.jpg 1w, https:\/\/brandpowers.shop\/wp-content\/uploads\/2026\/04\/21b9e395-b195-447e-917c-940a3c63c851.__CR00970600_PT0_SX970_V1___-10x6.jpg 10w\" sizes=\"auto, (max-width: 970px) 100vw, 970px\" \/><\/figure><div class=\"elementor-image-box-content\"><h3 class=\"elementor-image-box-title\">Privacidad y cifrado - Tus datos, seguros<\/h3><p class=\"elementor-image-box-description\">La seguridad de tus datos es nuestra prioridad. Todas las transmisiones de v\u00eddeo y audio est\u00e1n cifradas de extremo a extremo. La funci\u00f3n de obturador de privacidad (en modelos seleccionados) te permite cubrir f\u00edsicamente la lente cuando no deseas grabar, garantizando tu tranquilidad absoluta en momentos de intimidad .<\/p><\/div><\/div>\t\t\t\t<\/div>\n\t\t\t\t<\/div>\n\t\t\t\t<div class=\"elementor-element elementor-element-31dcd1fe elementor-position-left elementor-vertical-align-middle elementor-widget elementor-widget-image-box\" data-id=\"31dcd1fe\" data-element_type=\"widget\" data-settings=\"{&quot;ekit_we_effect_on&quot;:&quot;none&quot;}\" data-widget_type=\"image-box.default\">\n\t\t\t\t<div class=\"elementor-widget-container\">\n\t\t\t\t\t<div class=\"elementor-image-box-wrapper\"><figure class=\"elementor-image-box-img\"><img loading=\"lazy\" decoding=\"async\" width=\"970\" height=\"600\" src=\"https:\/\/brandpowers.shop\/wp-content\/uploads\/2026\/04\/6d944c09-a80c-4739-bb9d-e290405062f6.__CR00970600_PT0_SX970_V1___.jpg\" class=\"attachment-full size-full wp-image-13735 wvs-archive-product-image\" alt=\"\" srcset=\"https:\/\/brandpowers.shop\/wp-content\/uploads\/2026\/04\/6d944c09-a80c-4739-bb9d-e290405062f6.__CR00970600_PT0_SX970_V1___.jpg 970w, https:\/\/brandpowers.shop\/wp-content\/uploads\/2026\/04\/6d944c09-a80c-4739-bb9d-e290405062f6.__CR00970600_PT0_SX970_V1___-300x186.jpg 300w, https:\/\/brandpowers.shop\/wp-content\/uploads\/2026\/04\/6d944c09-a80c-4739-bb9d-e290405062f6.__CR00970600_PT0_SX970_V1___-768x475.jpg 768w, https:\/\/brandpowers.shop\/wp-content\/uploads\/2026\/04\/6d944c09-a80c-4739-bb9d-e290405062f6.__CR00970600_PT0_SX970_V1___-18x12.jpg 18w, https:\/\/brandpowers.shop\/wp-content\/uploads\/2026\/04\/6d944c09-a80c-4739-bb9d-e290405062f6.__CR00970600_PT0_SX970_V1___-600x371.jpg 600w, https:\/\/brandpowers.shop\/wp-content\/uploads\/2026\/04\/6d944c09-a80c-4739-bb9d-e290405062f6.__CR00970600_PT0_SX970_V1___-1x1.jpg 1w, https:\/\/brandpowers.shop\/wp-content\/uploads\/2026\/04\/6d944c09-a80c-4739-bb9d-e290405062f6.__CR00970600_PT0_SX970_V1___-10x6.jpg 10w\" sizes=\"auto, (max-width: 970px) 100vw, 970px\" \/><\/figure><div class=\"elementor-image-box-content\"><h3 class=\"elementor-image-box-title\">Seguimiento autom\u00e1tico - Sigue al objetivo donde vaya (modelo PTZ)<\/h3><p class=\"elementor-image-box-description\">En los modelos con funci\u00f3n PTZ (Pan-Tilt-Zoom) , la c\u00e1mara puede girar horizontal y verticalmente para cubrir toda la estancia. Cuando detecta movimiento, sigue autom\u00e1ticamente al objetivo, manteni\u00e9ndolo siempre en el centro del encuadre. Nunca perder\u00e1s de vista lo que realmente importa, incluso si se mueve dentro del \u00e1rea vigilada .<\/p><\/div><\/div>\t\t\t\t<\/div>\n\t\t\t\t<\/div>\n\t\t\t\t\t<\/div>\n\t\t\t\t<\/div>\n\t\t<div class=\"elementor-element elementor-element-2fe9e050 e-flex e-con-boxed e-con e-parent\" data-id=\"2fe9e050\" data-element_type=\"container\" data-settings=\"{&quot;ekit_has_onepagescroll_dot&quot;:&quot;yes&quot;}\">\n\t\t\t\t\t<div class=\"e-con-inner\">\n\t\t\t\t<div class=\"elementor-element elementor-element-46872463 elementor-widget elementor-widget-image\" data-id=\"46872463\" data-element_type=\"widget\" data-settings=\"{&quot;ekit_we_effect_on&quot;:&quot;none&quot;}\" data-widget_type=\"image.default\">\n\t\t\t\t<div class=\"elementor-widget-container\">\n\t\t\t\t\t\t\t\t\t\t\t\t\t\t\t<img loading=\"lazy\" decoding=\"async\" width=\"970\" height=\"600\" src=\"https:\/\/brandpowers.shop\/wp-content\/uploads\/2026\/04\/218c1e46-bc7c-465b-a8e2-75eaf9a5ee4b.__CR00970600_PT0_SX970_V1___.jpg\" class=\"attachment-full size-full wp-image-13736 wvs-archive-product-image\" alt=\"\" srcset=\"https:\/\/brandpowers.shop\/wp-content\/uploads\/2026\/04\/218c1e46-bc7c-465b-a8e2-75eaf9a5ee4b.__CR00970600_PT0_SX970_V1___.jpg 970w, https:\/\/brandpowers.shop\/wp-content\/uploads\/2026\/04\/218c1e46-bc7c-465b-a8e2-75eaf9a5ee4b.__CR00970600_PT0_SX970_V1___-300x186.jpg 300w, https:\/\/brandpowers.shop\/wp-content\/uploads\/2026\/04\/218c1e46-bc7c-465b-a8e2-75eaf9a5ee4b.__CR00970600_PT0_SX970_V1___-768x475.jpg 768w, https:\/\/brandpowers.shop\/wp-content\/uploads\/2026\/04\/218c1e46-bc7c-465b-a8e2-75eaf9a5ee4b.__CR00970600_PT0_SX970_V1___-18x12.jpg 18w, https:\/\/brandpowers.shop\/wp-content\/uploads\/2026\/04\/218c1e46-bc7c-465b-a8e2-75eaf9a5ee4b.__CR00970600_PT0_SX970_V1___-600x371.jpg 600w, https:\/\/brandpowers.shop\/wp-content\/uploads\/2026\/04\/218c1e46-bc7c-465b-a8e2-75eaf9a5ee4b.__CR00970600_PT0_SX970_V1___-1x1.jpg 1w, https:\/\/brandpowers.shop\/wp-content\/uploads\/2026\/04\/218c1e46-bc7c-465b-a8e2-75eaf9a5ee4b.__CR00970600_PT0_SX970_V1___-10x6.jpg 10w\" sizes=\"auto, (max-width: 970px) 100vw, 970px\" \/>\t\t\t\t\t\t\t\t\t\t\t\t\t\t\t<\/div>\n\t\t\t\t<\/div>\n\t\t\t\t<div class=\"elementor-element elementor-element-42adf09e elementor-widget elementor-widget-image\" data-id=\"42adf09e\" data-element_type=\"widget\" data-settings=\"{&quot;ekit_we_effect_on&quot;:&quot;none&quot;}\" data-widget_type=\"image.default\">\n\t\t\t\t<div class=\"elementor-widget-container\">\n\t\t\t\t\t\t\t\t\t\t\t\t\t\t\t<img loading=\"lazy\" decoding=\"async\" width=\"1394\" height=\"758\" src=\"https:\/\/brandpowers.shop\/wp-content\/uploads\/2026\/04\/S8b358e2ed4204b9a803a6754ad26fcfcG.webp\" class=\"attachment-full size-full wp-image-13737 wvs-archive-product-image\" alt=\"\" srcset=\"https:\/\/brandpowers.shop\/wp-content\/uploads\/2026\/04\/S8b358e2ed4204b9a803a6754ad26fcfcG.webp 1394w, https:\/\/brandpowers.shop\/wp-content\/uploads\/2026\/04\/S8b358e2ed4204b9a803a6754ad26fcfcG-300x163.webp 300w, https:\/\/brandpowers.shop\/wp-content\/uploads\/2026\/04\/S8b358e2ed4204b9a803a6754ad26fcfcG-1024x557.webp 1024w, https:\/\/brandpowers.shop\/wp-content\/uploads\/2026\/04\/S8b358e2ed4204b9a803a6754ad26fcfcG-768x418.webp 768w, https:\/\/brandpowers.shop\/wp-content\/uploads\/2026\/04\/S8b358e2ed4204b9a803a6754ad26fcfcG-18x10.webp 18w, https:\/\/brandpowers.shop\/wp-content\/uploads\/2026\/04\/S8b358e2ed4204b9a803a6754ad26fcfcG-600x326.webp 600w, https:\/\/brandpowers.shop\/wp-content\/uploads\/2026\/04\/S8b358e2ed4204b9a803a6754ad26fcfcG-1x1.webp 1w, https:\/\/brandpowers.shop\/wp-content\/uploads\/2026\/04\/S8b358e2ed4204b9a803a6754ad26fcfcG-10x5.webp 10w\" sizes=\"auto, (max-width: 1394px) 100vw, 1394px\" \/>\t\t\t\t\t\t\t\t\t\t\t\t\t\t\t<\/div>\n\t\t\t\t<\/div>\n\t\t\t\t<div class=\"elementor-element elementor-element-7ad92bc7 elementor-widget elementor-widget-image\" data-id=\"7ad92bc7\" data-element_type=\"widget\" data-settings=\"{&quot;ekit_we_effect_on&quot;:&quot;none&quot;}\" data-widget_type=\"image.default\">\n\t\t\t\t<div class=\"elementor-widget-container\">\n\t\t\t\t\t\t\t\t\t\t\t\t\t\t\t<img loading=\"lazy\" decoding=\"async\" width=\"1000\" height=\"650\" src=\"https:\/\/brandpowers.shop\/wp-content\/uploads\/2026\/04\/S2d34201b7f534a3ea8f04ffe6aa08171E.webp\" class=\"attachment-full size-full wp-image-13738 wvs-archive-product-image\" alt=\"\" srcset=\"https:\/\/brandpowers.shop\/wp-content\/uploads\/2026\/04\/S2d34201b7f534a3ea8f04ffe6aa08171E.webp 1000w, https:\/\/brandpowers.shop\/wp-content\/uploads\/2026\/04\/S2d34201b7f534a3ea8f04ffe6aa08171E-300x195.webp 300w, https:\/\/brandpowers.shop\/wp-content\/uploads\/2026\/04\/S2d34201b7f534a3ea8f04ffe6aa08171E-768x499.webp 768w, https:\/\/brandpowers.shop\/wp-content\/uploads\/2026\/04\/S2d34201b7f534a3ea8f04ffe6aa08171E-18x12.webp 18w, https:\/\/brandpowers.shop\/wp-content\/uploads\/2026\/04\/S2d34201b7f534a3ea8f04ffe6aa08171E-600x390.webp 600w, https:\/\/brandpowers.shop\/wp-content\/uploads\/2026\/04\/S2d34201b7f534a3ea8f04ffe6aa08171E-1x1.webp 1w, https:\/\/brandpowers.shop\/wp-content\/uploads\/2026\/04\/S2d34201b7f534a3ea8f04ffe6aa08171E-10x7.webp 10w\" sizes=\"auto, (max-width: 1000px) 100vw, 1000px\" \/>\t\t\t\t\t\t\t\t\t\t\t\t\t\t\t<\/div>\n\t\t\t\t<\/div>\n\t\t\t\t<div class=\"elementor-element elementor-element-563c0306 elementor-widget elementor-widget-image\" data-id=\"563c0306\" data-element_type=\"widget\" data-settings=\"{&quot;ekit_we_effect_on&quot;:&quot;none&quot;}\" data-widget_type=\"image.default\">\n\t\t\t\t<div class=\"elementor-widget-container\">\n\t\t\t\t\t\t\t\t\t\t\t\t\t\t\t<img loading=\"lazy\" decoding=\"async\" width=\"970\" height=\"600\" src=\"https:\/\/brandpowers.shop\/wp-content\/uploads\/2026\/04\/a2c4cf91-1435-4e6d-8a8f-a59e8b60fc89.__CR00970600_PT0_SX970_V1___.jpg\" class=\"attachment-full size-full wp-image-13739 wvs-archive-product-image\" alt=\"\" srcset=\"https:\/\/brandpowers.shop\/wp-content\/uploads\/2026\/04\/a2c4cf91-1435-4e6d-8a8f-a59e8b60fc89.__CR00970600_PT0_SX970_V1___.jpg 970w, https:\/\/brandpowers.shop\/wp-content\/uploads\/2026\/04\/a2c4cf91-1435-4e6d-8a8f-a59e8b60fc89.__CR00970600_PT0_SX970_V1___-300x186.jpg 300w, https:\/\/brandpowers.shop\/wp-content\/uploads\/2026\/04\/a2c4cf91-1435-4e6d-8a8f-a59e8b60fc89.__CR00970600_PT0_SX970_V1___-768x475.jpg 768w, https:\/\/brandpowers.shop\/wp-content\/uploads\/2026\/04\/a2c4cf91-1435-4e6d-8a8f-a59e8b60fc89.__CR00970600_PT0_SX970_V1___-18x12.jpg 18w, https:\/\/brandpowers.shop\/wp-content\/uploads\/2026\/04\/a2c4cf91-1435-4e6d-8a8f-a59e8b60fc89.__CR00970600_PT0_SX970_V1___-600x371.jpg 600w, https:\/\/brandpowers.shop\/wp-content\/uploads\/2026\/04\/a2c4cf91-1435-4e6d-8a8f-a59e8b60fc89.__CR00970600_PT0_SX970_V1___-1x1.jpg 1w, https:\/\/brandpowers.shop\/wp-content\/uploads\/2026\/04\/a2c4cf91-1435-4e6d-8a8f-a59e8b60fc89.__CR00970600_PT0_SX970_V1___-10x6.jpg 10w\" sizes=\"auto, (max-width: 970px) 100vw, 970px\" \/>\t\t\t\t\t\t\t\t\t\t\t\t\t\t\t<\/div>\n\t\t\t\t<\/div>\n\t\t\t\t\t<\/div>\n\t\t\t\t<\/div>\n\t\t\t\t<\/div>","protected":false},"excerpt":{"rendered":"<h1 class=\"a-size-base-plus a-text-bold\">Acerca de este art\u00edculo<\/h1>\n<ul class=\"a-unordered-list a-vertical a-spacing-mini\">\n<li class=\"a-spacing-mini\"><span class=\"a-list-item\">[Resoluci\u00f3n de 3MP+2K y cobertura de 360\u00b0]: La c\u00e1mara de seguridad dom\u00e9stica Hawkray cuenta con una resoluci\u00f3n Full HD de 3MP, que ofrece una calidad de imagen n\u00edtida (3MP) y v\u00eddeo en directo fluido (2K). Con el control remoto a trav\u00e9s de la aplicaci\u00f3n m\u00f3vil, puede girar la c\u00e1mara 350 \u00b0 horizontalmente y 90 \u00b0 verticalmente, proporcionando una cobertura de 360 \u00b0 para salvaguardar todos los rincones de su hogar. Esta c\u00e1mara de seguridad solo funciona con WiFi de 2,4 GHz (no compatible con 5 GHz).<\/span><\/li>\n<\/ul>","protected":false},"featured_media":13723,"comment_status":"open","ping_status":"closed","template":"","meta":{"_acf_changed":false},"etheme_brands":[],"product_brand":[],"product_cat":[127,118],"product_tag":[],"class_list":{"0":"post-13722","1":"product","2":"type-product","3":"status-publish","4":"has-post-thumbnail","6":"product_cat-dao","7":"product_cat-sale-shop","9":"first","10":"instock","11":"sale","12":"shipping-taxable","13":"purchasable","14":"product-type-simple"},"acf":[],"_links":{"self":[{"href":"https:\/\/brandpowers.shop\/es\/wp-json\/wp\/v2\/product\/13722","targetHints":{"allow":["GET"]}}],"collection":[{"href":"https:\/\/brandpowers.shop\/es\/wp-json\/wp\/v2\/product"}],"about":[{"href":"https:\/\/brandpowers.shop\/es\/wp-json\/wp\/v2\/types\/product"}],"replies":[{"embeddable":true,"href":"https:\/\/brandpowers.shop\/es\/wp-json\/wp\/v2\/comments?post=13722"}],"version-history":[{"count":4,"href":"https:\/\/brandpowers.shop\/es\/wp-json\/wp\/v2\/product\/13722\/revisions"}],"predecessor-version":[{"id":13747,"href":"https:\/\/brandpowers.shop\/es\/wp-json\/wp\/v2\/product\/13722\/revisions\/13747"}],"wp:featuredmedia":[{"embeddable":true,"href":"https:\/\/brandpowers.shop\/es\/wp-json\/wp\/v2\/media\/13723"}],"wp:attachment":[{"href":"https:\/\/brandpowers.shop\/es\/wp-json\/wp\/v2\/media?parent=13722"}],"wp:term":[{"taxonomy":"brand","embeddable":true,"href":"https:\/\/brandpowers.shop\/es\/wp-json\/wp\/v2\/etheme_brands?post=13722"},{"taxonomy":"product_brand","embeddable":true,"href":"https:\/\/brandpowers.shop\/es\/wp-json\/wp\/v2\/product_brand?post=13722"},{"taxonomy":"product_cat","embeddable":true,"href":"https:\/\/brandpowers.shop\/es\/wp-json\/wp\/v2\/product_cat?post=13722"},{"taxonomy":"product_tag","embeddable":true,"href":"https:\/\/brandpowers.shop\/es\/wp-json\/wp\/v2\/product_tag?post=13722"}],"curies":[{"name":"wp","href":"https:\/\/api.w.org\/{rel}","templated":true}]}}