{"id":13700,"date":"2026-04-06T03:56:24","date_gmt":"2026-04-06T03:56:24","guid":{"rendered":"https:\/\/brandpowers.shop\/?post_type=product&#038;p=13700"},"modified":"2026-04-06T05:46:45","modified_gmt":"2026-04-06T05:46:45","slug":"fairy-lavavajillas-concentrado-profesional-original-2-botellas-5l-formula-mejorada-para-uso-profesional","status":"publish","type":"product","link":"https:\/\/brandpowers.shop\/es\/producto\/fairy-lavavajillas-concentrado-profesional-original-2-botellas-5l-formula-mejorada-para-uso-profesional\/","title":{"rendered":"Fairy Lavavajillas Concentrado Profesional Original 2 Botellas 5L F\u00f3rmula Mejorada para Uso Profesional"},"content":{"rendered":"<div data-elementor-type=\"product-post\" data-elementor-id=\"13700\" class=\"elementor elementor-13700\" data-elementor-post-type=\"product\">\n\t\t\t\t<div class=\"elementor-element elementor-element-4e5ad66a e-flex e-con-boxed e-con e-parent\" data-id=\"4e5ad66a\" data-element_type=\"container\" data-settings=\"{&quot;ekit_has_onepagescroll_dot&quot;:&quot;yes&quot;}\">\n\t\t\t\t\t<div class=\"e-con-inner\">\n\t\t\t\t<div class=\"elementor-element elementor-element-717ab726 elementor-widget elementor-widget-image\" data-id=\"717ab726\" data-element_type=\"widget\" data-settings=\"{&quot;ekit_we_effect_on&quot;:&quot;none&quot;}\" data-widget_type=\"image.default\">\n\t\t\t\t<div class=\"elementor-widget-container\">\n\t\t\t\t\t\t\t\t\t\t\t\t\t\t\t<img loading=\"lazy\" decoding=\"async\" width=\"1600\" height=\"1458\" src=\"https:\/\/brandpowers.shop\/wp-content\/uploads\/2026\/04\/ed837686ddde426682b21fd55239aa7e.jpegtplv-a9rns2rl98-image_pre_watermark_1_5b_\u526f\u672c-1.jpg\" class=\"attachment-full size-full wp-image-13708 wvs-archive-product-image\" alt=\"\" srcset=\"https:\/\/brandpowers.shop\/wp-content\/uploads\/2026\/04\/ed837686ddde426682b21fd55239aa7e.jpegtplv-a9rns2rl98-image_pre_watermark_1_5b_\u526f\u672c-1.jpg 1600w, https:\/\/brandpowers.shop\/wp-content\/uploads\/2026\/04\/ed837686ddde426682b21fd55239aa7e.jpegtplv-a9rns2rl98-image_pre_watermark_1_5b_\u526f\u672c-1-300x273.jpg 300w, https:\/\/brandpowers.shop\/wp-content\/uploads\/2026\/04\/ed837686ddde426682b21fd55239aa7e.jpegtplv-a9rns2rl98-image_pre_watermark_1_5b_\u526f\u672c-1-1024x933.jpg 1024w, https:\/\/brandpowers.shop\/wp-content\/uploads\/2026\/04\/ed837686ddde426682b21fd55239aa7e.jpegtplv-a9rns2rl98-image_pre_watermark_1_5b_\u526f\u672c-1-768x700.jpg 768w, https:\/\/brandpowers.shop\/wp-content\/uploads\/2026\/04\/ed837686ddde426682b21fd55239aa7e.jpegtplv-a9rns2rl98-image_pre_watermark_1_5b_\u526f\u672c-1-1536x1400.jpg 1536w, https:\/\/brandpowers.shop\/wp-content\/uploads\/2026\/04\/ed837686ddde426682b21fd55239aa7e.jpegtplv-a9rns2rl98-image_pre_watermark_1_5b_\u526f\u672c-1-13x12.jpg 13w, https:\/\/brandpowers.shop\/wp-content\/uploads\/2026\/04\/ed837686ddde426682b21fd55239aa7e.jpegtplv-a9rns2rl98-image_pre_watermark_1_5b_\u526f\u672c-1-600x547.jpg 600w, https:\/\/brandpowers.shop\/wp-content\/uploads\/2026\/04\/ed837686ddde426682b21fd55239aa7e.jpegtplv-a9rns2rl98-image_pre_watermark_1_5b_\u526f\u672c-1-1x1.jpg 1w, https:\/\/brandpowers.shop\/wp-content\/uploads\/2026\/04\/ed837686ddde426682b21fd55239aa7e.jpegtplv-a9rns2rl98-image_pre_watermark_1_5b_\u526f\u672c-1-10x10.jpg 10w\" sizes=\"auto, (max-width: 1600px) 100vw, 1600px\" \/>\t\t\t\t\t\t\t\t\t\t\t\t\t\t\t<\/div>\n\t\t\t\t<\/div>\n\t\t\t\t<div class=\"elementor-element elementor-element-218d46e0 elementor-widget elementor-widget-image\" data-id=\"218d46e0\" data-element_type=\"widget\" data-settings=\"{&quot;ekit_we_effect_on&quot;:&quot;none&quot;}\" data-widget_type=\"image.default\">\n\t\t\t\t<div class=\"elementor-widget-container\">\n\t\t\t\t\t\t\t\t\t\t\t\t\t\t\t<img loading=\"lazy\" decoding=\"async\" width=\"1600\" height=\"1458\" src=\"https:\/\/brandpowers.shop\/wp-content\/uploads\/2026\/04\/c1f31f6798de4ff8870917a10660b75f.jpegtplv-a9rns2rl98-image_pre_watermark_1_5b_\u526f\u672c.jpg\" class=\"attachment-full size-full wp-image-13709 wvs-archive-product-image\" alt=\"\" srcset=\"https:\/\/brandpowers.shop\/wp-content\/uploads\/2026\/04\/c1f31f6798de4ff8870917a10660b75f.jpegtplv-a9rns2rl98-image_pre_watermark_1_5b_\u526f\u672c.jpg 1600w, https:\/\/brandpowers.shop\/wp-content\/uploads\/2026\/04\/c1f31f6798de4ff8870917a10660b75f.jpegtplv-a9rns2rl98-image_pre_watermark_1_5b_\u526f\u672c-300x273.jpg 300w, https:\/\/brandpowers.shop\/wp-content\/uploads\/2026\/04\/c1f31f6798de4ff8870917a10660b75f.jpegtplv-a9rns2rl98-image_pre_watermark_1_5b_\u526f\u672c-1024x933.jpg 1024w, https:\/\/brandpowers.shop\/wp-content\/uploads\/2026\/04\/c1f31f6798de4ff8870917a10660b75f.jpegtplv-a9rns2rl98-image_pre_watermark_1_5b_\u526f\u672c-768x700.jpg 768w, https:\/\/brandpowers.shop\/wp-content\/uploads\/2026\/04\/c1f31f6798de4ff8870917a10660b75f.jpegtplv-a9rns2rl98-image_pre_watermark_1_5b_\u526f\u672c-1536x1400.jpg 1536w, https:\/\/brandpowers.shop\/wp-content\/uploads\/2026\/04\/c1f31f6798de4ff8870917a10660b75f.jpegtplv-a9rns2rl98-image_pre_watermark_1_5b_\u526f\u672c-13x12.jpg 13w, https:\/\/brandpowers.shop\/wp-content\/uploads\/2026\/04\/c1f31f6798de4ff8870917a10660b75f.jpegtplv-a9rns2rl98-image_pre_watermark_1_5b_\u526f\u672c-600x547.jpg 600w, https:\/\/brandpowers.shop\/wp-content\/uploads\/2026\/04\/c1f31f6798de4ff8870917a10660b75f.jpegtplv-a9rns2rl98-image_pre_watermark_1_5b_\u526f\u672c-1x1.jpg 1w, https:\/\/brandpowers.shop\/wp-content\/uploads\/2026\/04\/c1f31f6798de4ff8870917a10660b75f.jpegtplv-a9rns2rl98-image_pre_watermark_1_5b_\u526f\u672c-10x10.jpg 10w\" sizes=\"auto, (max-width: 1600px) 100vw, 1600px\" \/>\t\t\t\t\t\t\t\t\t\t\t\t\t\t\t<\/div>\n\t\t\t\t<\/div>\n\t\t\t\t<div class=\"elementor-element elementor-element-4b1bd7de elementor-widget elementor-widget-image\" data-id=\"4b1bd7de\" data-element_type=\"widget\" data-settings=\"{&quot;ekit_we_effect_on&quot;:&quot;none&quot;}\" data-widget_type=\"image.default\">\n\t\t\t\t<div class=\"elementor-widget-container\">\n\t\t\t\t\t\t\t\t\t\t\t\t\t\t\t<img loading=\"lazy\" decoding=\"async\" width=\"1600\" height=\"1458\" src=\"https:\/\/brandpowers.shop\/wp-content\/uploads\/2026\/04\/79a539758e2d4fea931e1cc1bfa31023.jpegtplv-a9rns2rl98-image_pre_watermark_1_5b_\u526f\u672c-1.jpg\" class=\"attachment-full size-full wp-image-13710 wvs-archive-product-image\" alt=\"\" srcset=\"https:\/\/brandpowers.shop\/wp-content\/uploads\/2026\/04\/79a539758e2d4fea931e1cc1bfa31023.jpegtplv-a9rns2rl98-image_pre_watermark_1_5b_\u526f\u672c-1.jpg 1600w, https:\/\/brandpowers.shop\/wp-content\/uploads\/2026\/04\/79a539758e2d4fea931e1cc1bfa31023.jpegtplv-a9rns2rl98-image_pre_watermark_1_5b_\u526f\u672c-1-300x273.jpg 300w, https:\/\/brandpowers.shop\/wp-content\/uploads\/2026\/04\/79a539758e2d4fea931e1cc1bfa31023.jpegtplv-a9rns2rl98-image_pre_watermark_1_5b_\u526f\u672c-1-1024x933.jpg 1024w, https:\/\/brandpowers.shop\/wp-content\/uploads\/2026\/04\/79a539758e2d4fea931e1cc1bfa31023.jpegtplv-a9rns2rl98-image_pre_watermark_1_5b_\u526f\u672c-1-768x700.jpg 768w, https:\/\/brandpowers.shop\/wp-content\/uploads\/2026\/04\/79a539758e2d4fea931e1cc1bfa31023.jpegtplv-a9rns2rl98-image_pre_watermark_1_5b_\u526f\u672c-1-1536x1400.jpg 1536w, https:\/\/brandpowers.shop\/wp-content\/uploads\/2026\/04\/79a539758e2d4fea931e1cc1bfa31023.jpegtplv-a9rns2rl98-image_pre_watermark_1_5b_\u526f\u672c-1-13x12.jpg 13w, https:\/\/brandpowers.shop\/wp-content\/uploads\/2026\/04\/79a539758e2d4fea931e1cc1bfa31023.jpegtplv-a9rns2rl98-image_pre_watermark_1_5b_\u526f\u672c-1-600x547.jpg 600w, https:\/\/brandpowers.shop\/wp-content\/uploads\/2026\/04\/79a539758e2d4fea931e1cc1bfa31023.jpegtplv-a9rns2rl98-image_pre_watermark_1_5b_\u526f\u672c-1-1x1.jpg 1w, https:\/\/brandpowers.shop\/wp-content\/uploads\/2026\/04\/79a539758e2d4fea931e1cc1bfa31023.jpegtplv-a9rns2rl98-image_pre_watermark_1_5b_\u526f\u672c-1-10x10.jpg 10w\" sizes=\"auto, (max-width: 1600px) 100vw, 1600px\" \/>\t\t\t\t\t\t\t\t\t\t\t\t\t\t\t<\/div>\n\t\t\t\t<\/div>\n\t\t\t\t<div class=\"elementor-element elementor-element-23c92e9f elementor-widget elementor-widget-image\" data-id=\"23c92e9f\" data-element_type=\"widget\" data-settings=\"{&quot;ekit_we_effect_on&quot;:&quot;none&quot;}\" data-widget_type=\"image.default\">\n\t\t\t\t<div class=\"elementor-widget-container\">\n\t\t\t\t\t\t\t\t\t\t\t\t\t\t\t<img loading=\"lazy\" decoding=\"async\" width=\"1600\" height=\"1458\" src=\"https:\/\/brandpowers.shop\/wp-content\/uploads\/2026\/04\/3c6aa1f6ccaf4bd1aef888c58585d0d4.jpegtplv-a9rns2rl98-image_pre_watermark_1_5b_\u526f\u672c-1.jpg\" class=\"attachment-full size-full wp-image-13711 wvs-archive-product-image\" alt=\"\" srcset=\"https:\/\/brandpowers.shop\/wp-content\/uploads\/2026\/04\/3c6aa1f6ccaf4bd1aef888c58585d0d4.jpegtplv-a9rns2rl98-image_pre_watermark_1_5b_\u526f\u672c-1.jpg 1600w, https:\/\/brandpowers.shop\/wp-content\/uploads\/2026\/04\/3c6aa1f6ccaf4bd1aef888c58585d0d4.jpegtplv-a9rns2rl98-image_pre_watermark_1_5b_\u526f\u672c-1-300x273.jpg 300w, https:\/\/brandpowers.shop\/wp-content\/uploads\/2026\/04\/3c6aa1f6ccaf4bd1aef888c58585d0d4.jpegtplv-a9rns2rl98-image_pre_watermark_1_5b_\u526f\u672c-1-1024x933.jpg 1024w, https:\/\/brandpowers.shop\/wp-content\/uploads\/2026\/04\/3c6aa1f6ccaf4bd1aef888c58585d0d4.jpegtplv-a9rns2rl98-image_pre_watermark_1_5b_\u526f\u672c-1-768x700.jpg 768w, https:\/\/brandpowers.shop\/wp-content\/uploads\/2026\/04\/3c6aa1f6ccaf4bd1aef888c58585d0d4.jpegtplv-a9rns2rl98-image_pre_watermark_1_5b_\u526f\u672c-1-1536x1400.jpg 1536w, https:\/\/brandpowers.shop\/wp-content\/uploads\/2026\/04\/3c6aa1f6ccaf4bd1aef888c58585d0d4.jpegtplv-a9rns2rl98-image_pre_watermark_1_5b_\u526f\u672c-1-13x12.jpg 13w, https:\/\/brandpowers.shop\/wp-content\/uploads\/2026\/04\/3c6aa1f6ccaf4bd1aef888c58585d0d4.jpegtplv-a9rns2rl98-image_pre_watermark_1_5b_\u526f\u672c-1-600x547.jpg 600w, https:\/\/brandpowers.shop\/wp-content\/uploads\/2026\/04\/3c6aa1f6ccaf4bd1aef888c58585d0d4.jpegtplv-a9rns2rl98-image_pre_watermark_1_5b_\u526f\u672c-1-1x1.jpg 1w, https:\/\/brandpowers.shop\/wp-content\/uploads\/2026\/04\/3c6aa1f6ccaf4bd1aef888c58585d0d4.jpegtplv-a9rns2rl98-image_pre_watermark_1_5b_\u526f\u672c-1-10x10.jpg 10w\" sizes=\"auto, (max-width: 1600px) 100vw, 1600px\" \/>\t\t\t\t\t\t\t\t\t\t\t\t\t\t\t<\/div>\n\t\t\t\t<\/div>\n\t\t\t\t<div class=\"elementor-element elementor-element-5e90a368 elementor-widget elementor-widget-image\" data-id=\"5e90a368\" data-element_type=\"widget\" data-settings=\"{&quot;ekit_we_effect_on&quot;:&quot;none&quot;}\" data-widget_type=\"image.default\">\n\t\t\t\t<div class=\"elementor-widget-container\">\n\t\t\t\t\t\t\t\t\t\t\t\t\t\t\t<img loading=\"lazy\" decoding=\"async\" width=\"1600\" height=\"1458\" src=\"https:\/\/brandpowers.shop\/wp-content\/uploads\/2026\/04\/c1f31f6798de4ff8870917a10660b75f.jpegtplv-a9rns2rl98-image_pre_watermark_1_5b_\u526f\u672c-1.jpg\" class=\"attachment-full size-full wp-image-13712 wvs-archive-product-image\" alt=\"\" srcset=\"https:\/\/brandpowers.shop\/wp-content\/uploads\/2026\/04\/c1f31f6798de4ff8870917a10660b75f.jpegtplv-a9rns2rl98-image_pre_watermark_1_5b_\u526f\u672c-1.jpg 1600w, https:\/\/brandpowers.shop\/wp-content\/uploads\/2026\/04\/c1f31f6798de4ff8870917a10660b75f.jpegtplv-a9rns2rl98-image_pre_watermark_1_5b_\u526f\u672c-1-300x273.jpg 300w, https:\/\/brandpowers.shop\/wp-content\/uploads\/2026\/04\/c1f31f6798de4ff8870917a10660b75f.jpegtplv-a9rns2rl98-image_pre_watermark_1_5b_\u526f\u672c-1-1024x933.jpg 1024w, https:\/\/brandpowers.shop\/wp-content\/uploads\/2026\/04\/c1f31f6798de4ff8870917a10660b75f.jpegtplv-a9rns2rl98-image_pre_watermark_1_5b_\u526f\u672c-1-768x700.jpg 768w, https:\/\/brandpowers.shop\/wp-content\/uploads\/2026\/04\/c1f31f6798de4ff8870917a10660b75f.jpegtplv-a9rns2rl98-image_pre_watermark_1_5b_\u526f\u672c-1-1536x1400.jpg 1536w, https:\/\/brandpowers.shop\/wp-content\/uploads\/2026\/04\/c1f31f6798de4ff8870917a10660b75f.jpegtplv-a9rns2rl98-image_pre_watermark_1_5b_\u526f\u672c-1-13x12.jpg 13w, https:\/\/brandpowers.shop\/wp-content\/uploads\/2026\/04\/c1f31f6798de4ff8870917a10660b75f.jpegtplv-a9rns2rl98-image_pre_watermark_1_5b_\u526f\u672c-1-600x547.jpg 600w, https:\/\/brandpowers.shop\/wp-content\/uploads\/2026\/04\/c1f31f6798de4ff8870917a10660b75f.jpegtplv-a9rns2rl98-image_pre_watermark_1_5b_\u526f\u672c-1-1x1.jpg 1w, https:\/\/brandpowers.shop\/wp-content\/uploads\/2026\/04\/c1f31f6798de4ff8870917a10660b75f.jpegtplv-a9rns2rl98-image_pre_watermark_1_5b_\u526f\u672c-1-10x10.jpg 10w\" sizes=\"auto, (max-width: 1600px) 100vw, 1600px\" \/>\t\t\t\t\t\t\t\t\t\t\t\t\t\t\t<\/div>\n\t\t\t\t<\/div>\n\t\t\t\t<div class=\"elementor-element elementor-element-12cffd08 elementor-widget elementor-widget-text-editor\" data-id=\"12cffd08\" data-element_type=\"widget\" data-settings=\"{&quot;ekit_we_effect_on&quot;:&quot;none&quot;}\" data-widget_type=\"text-editor.default\">\n\t\t\t\t<div class=\"elementor-widget-container\">\n\t\t\t\t\t\t\t\t\t<div data-page-id=\"UDa9fv65Odkkc6cCliccyxLjn8G\" data-lark-html-role=\"root\" data-docx-has-block-data=\"false\"><div class=\"old-record-id-HUMTfAhNQdKGo7cRwbdcQkA4nif\"><strong>\ud83e\uddfc F\u00f3rmula concentrada de calidad profesional<\/strong> El Detergente Profesional Concentrado para Lavavajillas Magic, 2 botellas de 5 L cada una con f\u00f3rmula mejorada, est\u00e1 especialmente dise\u00f1ado para uso comercial y profesional. La f\u00f3rmula de alta concentraci\u00f3n ofrece un potente rendimiento de limpieza con s\u00f3lo una peque\u00f1a cantidad, eliminando eficazmente la grasa resistente, los restos de comida y las manchas dif\u00edciles de platos, cuencos, ollas y sartenes, incluso la suciedad seca y quemada. Garantiza resultados impecables y sin rayas en todo momento, cumpliendo con los altos est\u00e1ndares de restaurantes, hoteles, comedores y cocinas comerciales.<\/div><\/div>\t\t\t\t\t\t\t\t<\/div>\n\t\t\t\t<\/div>\n\t\t\t\t<div class=\"elementor-element elementor-element-6440dd38 elementor-widget elementor-widget-text-editor\" data-id=\"6440dd38\" data-element_type=\"widget\" data-settings=\"{&quot;ekit_we_effect_on&quot;:&quot;none&quot;}\" data-widget_type=\"text-editor.default\">\n\t\t\t\t<div class=\"elementor-widget-container\">\n\t\t\t\t\t\t\t\t\t<div data-page-id=\"UDa9fv65Odkkc6cCliccyxLjn8G\" data-lark-html-role=\"root\" data-docx-has-block-data=\"false\"><div class=\"old-record-id-CF1JfxtiPdziAmciPT0cJ7jlntc\"><strong>\ud83d\udcc8 F\u00f3rmula actualizada y mejorada<\/strong> Bas\u00e1ndonos en los comentarios de los usuarios profesionales, hemos mejorado nuestra f\u00f3rmula para que sea m\u00e1s eficaz y suave. La f\u00f3rmula mejorada aumenta la velocidad de disoluci\u00f3n de la grasa, elimina la suciedad m\u00e1s incrustada en menos tiempo y reduce el consumo de agua durante el aclarado. Tambi\u00e9n cuenta con propiedades antical mejoradas para proteger los componentes internos de su lavavajillas profesional, prolongando la vida \u00fatil de la m\u00e1quina y manteniendo un rendimiento de limpieza \u00f3ptimo. Seguro para todos los materiales de vajilla, incluyendo cristal, cer\u00e1mica, acero inoxidable y pl\u00e1stico.<\/div><\/div>\t\t\t\t\t\t\t\t<\/div>\n\t\t\t\t<\/div>\n\t\t\t\t<div class=\"elementor-element elementor-element-7e91ecf6 elementor-widget elementor-widget-text-editor\" data-id=\"7e91ecf6\" data-element_type=\"widget\" data-settings=\"{&quot;ekit_we_effect_on&quot;:&quot;none&quot;}\" data-widget_type=\"text-editor.default\">\n\t\t\t\t<div class=\"elementor-widget-container\">\n\t\t\t\t\t\t\t\t\t<div data-page-id=\"UDa9fv65Odkkc6cCliccyxLjn8G\" data-lark-html-role=\"root\" data-docx-has-block-data=\"false\"><div class=\"old-record-id-SK8OfPAswdAOqIcLlSRceCfOnEb\"><strong> \ud83d\udce6 Paquete de gran capacidad<\/strong> Cada juego incluye 2 botellas de detergente concentrado de 5 litros, lo que proporciona un amplio suministro para un uso profesional a largo plazo. El dise\u00f1o de gran capacidad reduce la frecuencia de rellenado, ahorrando tiempo y costes de mano de obra en las operaciones comerciales. El dise\u00f1o de la botella a prueba de fugas garantiza un f\u00e1cil almacenamiento y vertido, evitando derrames y residuos. Perfecto para entornos de gran volumen en los que la eficacia y la rentabilidad son esenciales: un solo juego puede soportar un uso continuo durante per\u00edodos prolongados.<\/div><\/div>\t\t\t\t\t\t\t\t<\/div>\n\t\t\t\t<\/div>\n\t\t\t\t<div class=\"elementor-element elementor-element-5ae18390 elementor-widget elementor-widget-text-editor\" data-id=\"5ae18390\" data-element_type=\"widget\" data-settings=\"{&quot;ekit_we_effect_on&quot;:&quot;none&quot;}\" data-widget_type=\"text-editor.default\">\n\t\t\t\t<div class=\"elementor-widget-container\">\n\t\t\t\t\t\t\t\t\t<div data-page-id=\"UDa9fv65Odkkc6cCliccyxLjn8G\" data-lark-html-role=\"root\" data-docx-has-block-data=\"false\"><div class=\"old-record-id-AGNjfUvmFddxy0cWrDZcFSM8njc\"><strong>\u2705 Fiable y rentable para profesionales<\/strong> Dise\u00f1ado exclusivamente para escenarios profesionales, este detergente es duro con la suciedad pero suave con el equipo y la vajilla. Es poco espumoso, lo que garantiza su compatibilidad con todo tipo de lavavajillas profesionales (de alta temperatura, ultras\u00f3nicos, etc.) y evita el desbordamiento de espuma que afecta a la eficacia de la limpieza. Su f\u00f3rmula concentrada implica un menor uso por ciclo, lo que reduce los costes totales de limpieza sin comprometer los resultados. Los profesionales de la restauraci\u00f3n y la hosteler\u00eda conf\u00edan en \u00e9l para una limpieza constante y de alta calidad.<\/div><\/div>\t\t\t\t\t\t\t\t<\/div>\n\t\t\t\t<\/div>\n\t\t\t\t<div class=\"elementor-element elementor-element-1ec4d883 elementor-widget elementor-widget-text-editor\" data-id=\"1ec4d883\" data-element_type=\"widget\" data-settings=\"{&quot;ekit_we_effect_on&quot;:&quot;none&quot;}\" data-widget_type=\"text-editor.default\">\n\t\t\t\t<div class=\"elementor-widget-container\">\n\t\t\t\t\t\t\t\t\t<!DOCTYPE html>\n<html lang=\"en\">\n<head>\n<meta charset=\"UTF-8\">\n<meta name=\"viewport\" content=\"width=device-width, initial-scale=1.0\">\n<title>Product Specifications<\/title>\n<style>\n  * {\n    margin: 0;\n    padding: 0;\n    box-sizing: border-box;\n  }\n  body {\n    background: transparent;\n    font-family: 'Inter', 'Segoe UI', system-ui, sans-serif;\n    -webkit-font-smoothing: antialiased;\n    padding: 20px 0;\n  }\n  .spec-table {\n    width: 100%;\n    border-collapse: collapse;\n    font-size: 14px;\n    line-height: 1.8;\n  }\n  .spec-table tr {\n    border-bottom: 1px solid #e6eef7;\n  }\n  .spec-table td:nth-child(1),\n  .spec-table td:nth-child(3) {\n    width: 20%;\n    font-weight: 500;\n    color: #2d70b3;\n    background: #f5f9ff;\n    padding: 14px 16px;\n    text-align: left;\n    vertical-align: top;\n    word-break: break-word;\n  }\n  .spec-table td:nth-child(2),\n  .spec-table td:nth-child(4) {\n    width: 30%;\n    color: #333;\n    background: #ffffff;\n    padding: 14px 16px;\n    text-align: left;\n    vertical-align: top;\n    word-break: break-word;\n  }\n<\/style>\n<\/head>\n<body>\n\n<table class=\"spec-table\">\n  <tr>\n    <td>Marca<\/td>\n    <td>Magia<\/td>\n    <td>Tipo<\/td>\n    <td>Lavavajillas concentrado<\/td>\n  <\/tr>\n  <tr>\n    <td>Versi\u00f3n<\/td>\n    <td>Original profesional<\/td>\n    <td>F\u00f3rmula<\/td>\n    <td>F\u00f3rmula mejorada<\/td>\n  <\/tr>\n  <tr>\n    <td>Capacidad<\/td>\n    <td>5 litros por botella<\/td>\n    <td>Cantidad<\/td>\n    <td>2 botellas<\/td>\n  <\/tr>\n  <tr>\n    <td>Utilizaci\u00f3n<\/td>\n    <td>Uso profesional<\/td>\n    <td>Aplicaci\u00f3n<\/td>\n    <td>Limpieza de lavavajillas<\/td>\n  <\/tr>\n<\/table>\n\n<\/body>\n<\/html>\t\t\t\t\t\t\t\t<\/div>\n\t\t\t\t<\/div>\n\t\t\t\t\t<\/div>\n\t\t\t\t<\/div>\n\t\t\t\t<\/div>","protected":false},"excerpt":{"rendered":"<p>\ud83e\uddfc Professional-Grade Concentrated Formula Magic Dishwasher Concentrated Professional Detergent, 2 bottles of 5L each with improved formula, is specially crafted&#8230;<\/p>","protected":false},"featured_media":13701,"comment_status":"open","ping_status":"closed","template":"","meta":{"_acf_changed":false},"etheme_brands":[],"product_brand":[],"product_cat":[118],"product_tag":[],"class_list":{"0":"post-13700","1":"product","2":"type-product","3":"status-publish","4":"has-post-thumbnail","6":"product_cat-sale-shop","8":"first","9":"instock","10":"sale","11":"shipping-taxable","12":"purchasable","13":"product-type-simple"},"acf":[],"_links":{"self":[{"href":"https:\/\/brandpowers.shop\/es\/wp-json\/wp\/v2\/product\/13700","targetHints":{"allow":["GET"]}}],"collection":[{"href":"https:\/\/brandpowers.shop\/es\/wp-json\/wp\/v2\/product"}],"about":[{"href":"https:\/\/brandpowers.shop\/es\/wp-json\/wp\/v2\/types\/product"}],"replies":[{"embeddable":true,"href":"https:\/\/brandpowers.shop\/es\/wp-json\/wp\/v2\/comments?post=13700"}],"version-history":[{"count":4,"href":"https:\/\/brandpowers.shop\/es\/wp-json\/wp\/v2\/product\/13700\/revisions"}],"predecessor-version":[{"id":13720,"href":"https:\/\/brandpowers.shop\/es\/wp-json\/wp\/v2\/product\/13700\/revisions\/13720"}],"wp:featuredmedia":[{"embeddable":true,"href":"https:\/\/brandpowers.shop\/es\/wp-json\/wp\/v2\/media\/13701"}],"wp:attachment":[{"href":"https:\/\/brandpowers.shop\/es\/wp-json\/wp\/v2\/media?parent=13700"}],"wp:term":[{"taxonomy":"brand","embeddable":true,"href":"https:\/\/brandpowers.shop\/es\/wp-json\/wp\/v2\/etheme_brands?post=13700"},{"taxonomy":"product_brand","embeddable":true,"href":"https:\/\/brandpowers.shop\/es\/wp-json\/wp\/v2\/product_brand?post=13700"},{"taxonomy":"product_cat","embeddable":true,"href":"https:\/\/brandpowers.shop\/es\/wp-json\/wp\/v2\/product_cat?post=13700"},{"taxonomy":"product_tag","embeddable":true,"href":"https:\/\/brandpowers.shop\/es\/wp-json\/wp\/v2\/product_tag?post=13700"}],"curies":[{"name":"wp","href":"https:\/\/api.w.org\/{rel}","templated":true}]}}