{"id":13663,"date":"2026-04-03T03:19:54","date_gmt":"2026-04-03T03:19:54","guid":{"rendered":"https:\/\/brandpowers.shop\/?post_type=product&#038;p=13663"},"modified":"2026-04-03T03:34:09","modified_gmt":"2026-04-03T03:34:09","slug":"mini-smartphone-con-pantalla-tactil-hd-de-3-0-pulgadas-telefono-juguete-para-ninos-con-gps-portatil-y-ligero-sistema-android-configuracion-de-camara-dual-de-3-mp-5-mp-herramienta-de-aprendizaj","status":"publish","type":"product","link":"https:\/\/brandpowers.shop\/es\/producto\/mini-smartphone-con-pantalla-tactil-hd-de-3-0-pulgadas-telefono-juguete-para-ninos-con-gps-portatil-y-ligero-sistema-android-configuracion-de-camara-dual-de-3-mp-5-mp-herramienta-de-aprendizaj\/","title":{"rendered":"Mini Smartphone con Pantalla T\u00e1ctil HD de 3.0 Pulgadas, Tel\u00e9fono Juguete para Ni\u00f1os, con GPS, Port\u00e1til y Ligero, Sistema Android, Configuraci\u00f3n de C\u00e1mara Dual de 3 MP + 5 MP, Herramienta de Aprendizaje para Ni\u00f1os, Regalo Perfecto"},"content":{"rendered":"<div data-elementor-type=\"product-post\" data-elementor-id=\"13663\" class=\"elementor elementor-13663\" data-elementor-post-type=\"product\">\n\t\t\t\t<div class=\"elementor-element elementor-element-24523879 e-flex e-con-boxed e-con e-parent\" data-id=\"24523879\" data-element_type=\"container\" data-settings=\"{&quot;ekit_has_onepagescroll_dot&quot;:&quot;yes&quot;}\">\n\t\t\t\t\t<div class=\"e-con-inner\">\n\t\t\t\t<div class=\"elementor-element elementor-element-7fbf5734 elementor-widget elementor-widget-image\" data-id=\"7fbf5734\" data-element_type=\"widget\" data-settings=\"{&quot;ekit_we_effect_on&quot;:&quot;none&quot;}\" data-widget_type=\"image.default\">\n\t\t\t\t<div class=\"elementor-widget-container\">\n\t\t\t\t\t\t\t\t\t\t\t\t\t\t\t<img loading=\"lazy\" decoding=\"async\" width=\"970\" height=\"600\" src=\"https:\/\/brandpowers.shop\/wp-content\/uploads\/2026\/04\/dfbef7ac-abce-4fb9-907a-19f164d132be.__CR00970600_PT0_SX970_V1___.jpg\" class=\"attachment-full size-full wp-image-13677 wvs-archive-product-image\" alt=\"\" srcset=\"https:\/\/brandpowers.shop\/wp-content\/uploads\/2026\/04\/dfbef7ac-abce-4fb9-907a-19f164d132be.__CR00970600_PT0_SX970_V1___.jpg 970w, https:\/\/brandpowers.shop\/wp-content\/uploads\/2026\/04\/dfbef7ac-abce-4fb9-907a-19f164d132be.__CR00970600_PT0_SX970_V1___-300x186.jpg 300w, https:\/\/brandpowers.shop\/wp-content\/uploads\/2026\/04\/dfbef7ac-abce-4fb9-907a-19f164d132be.__CR00970600_PT0_SX970_V1___-768x475.jpg 768w, https:\/\/brandpowers.shop\/wp-content\/uploads\/2026\/04\/dfbef7ac-abce-4fb9-907a-19f164d132be.__CR00970600_PT0_SX970_V1___-18x12.jpg 18w, https:\/\/brandpowers.shop\/wp-content\/uploads\/2026\/04\/dfbef7ac-abce-4fb9-907a-19f164d132be.__CR00970600_PT0_SX970_V1___-600x371.jpg 600w, https:\/\/brandpowers.shop\/wp-content\/uploads\/2026\/04\/dfbef7ac-abce-4fb9-907a-19f164d132be.__CR00970600_PT0_SX970_V1___-1x1.jpg 1w, https:\/\/brandpowers.shop\/wp-content\/uploads\/2026\/04\/dfbef7ac-abce-4fb9-907a-19f164d132be.__CR00970600_PT0_SX970_V1___-10x6.jpg 10w\" sizes=\"auto, (max-width: 970px) 100vw, 970px\" \/>\t\t\t\t\t\t\t\t\t\t\t\t\t\t\t<\/div>\n\t\t\t\t<\/div>\n\t\t\t\t<div class=\"elementor-element elementor-element-20404aa3 elementor-widget elementor-widget-image\" data-id=\"20404aa3\" data-element_type=\"widget\" data-settings=\"{&quot;ekit_we_effect_on&quot;:&quot;none&quot;}\" data-widget_type=\"image.default\">\n\t\t\t\t<div class=\"elementor-widget-container\">\n\t\t\t\t\t\t\t\t\t\t\t\t\t\t\t<img loading=\"lazy\" decoding=\"async\" width=\"970\" height=\"600\" src=\"https:\/\/brandpowers.shop\/wp-content\/uploads\/2026\/04\/f2fbe9d8-878e-4833-bbef-00194a9d5eb6.__CR00970600_PT0_SX970_V1___.jpg\" class=\"attachment-full size-full wp-image-13678 wvs-archive-product-image\" alt=\"\" srcset=\"https:\/\/brandpowers.shop\/wp-content\/uploads\/2026\/04\/f2fbe9d8-878e-4833-bbef-00194a9d5eb6.__CR00970600_PT0_SX970_V1___.jpg 970w, https:\/\/brandpowers.shop\/wp-content\/uploads\/2026\/04\/f2fbe9d8-878e-4833-bbef-00194a9d5eb6.__CR00970600_PT0_SX970_V1___-300x186.jpg 300w, https:\/\/brandpowers.shop\/wp-content\/uploads\/2026\/04\/f2fbe9d8-878e-4833-bbef-00194a9d5eb6.__CR00970600_PT0_SX970_V1___-768x475.jpg 768w, https:\/\/brandpowers.shop\/wp-content\/uploads\/2026\/04\/f2fbe9d8-878e-4833-bbef-00194a9d5eb6.__CR00970600_PT0_SX970_V1___-18x12.jpg 18w, https:\/\/brandpowers.shop\/wp-content\/uploads\/2026\/04\/f2fbe9d8-878e-4833-bbef-00194a9d5eb6.__CR00970600_PT0_SX970_V1___-600x371.jpg 600w, https:\/\/brandpowers.shop\/wp-content\/uploads\/2026\/04\/f2fbe9d8-878e-4833-bbef-00194a9d5eb6.__CR00970600_PT0_SX970_V1___-1x1.jpg 1w, https:\/\/brandpowers.shop\/wp-content\/uploads\/2026\/04\/f2fbe9d8-878e-4833-bbef-00194a9d5eb6.__CR00970600_PT0_SX970_V1___-10x6.jpg 10w\" sizes=\"auto, (max-width: 970px) 100vw, 970px\" \/>\t\t\t\t\t\t\t\t\t\t\t\t\t\t\t<\/div>\n\t\t\t\t<\/div>\n\t\t\t\t<div class=\"elementor-element elementor-element-42bbe301 elementor-widget elementor-widget-image\" data-id=\"42bbe301\" data-element_type=\"widget\" data-settings=\"{&quot;ekit_we_effect_on&quot;:&quot;none&quot;}\" data-widget_type=\"image.default\">\n\t\t\t\t<div class=\"elementor-widget-container\">\n\t\t\t\t\t\t\t\t\t\t\t\t\t\t\t<img loading=\"lazy\" decoding=\"async\" width=\"970\" height=\"600\" src=\"https:\/\/brandpowers.shop\/wp-content\/uploads\/2026\/04\/dd193aa8-b99d-4743-bc2b-62f3bcb55c17.__CR00970600_PT0_SX970_V1___.jpg\" class=\"attachment-full size-full wp-image-13679 wvs-archive-product-image\" alt=\"\" srcset=\"https:\/\/brandpowers.shop\/wp-content\/uploads\/2026\/04\/dd193aa8-b99d-4743-bc2b-62f3bcb55c17.__CR00970600_PT0_SX970_V1___.jpg 970w, https:\/\/brandpowers.shop\/wp-content\/uploads\/2026\/04\/dd193aa8-b99d-4743-bc2b-62f3bcb55c17.__CR00970600_PT0_SX970_V1___-300x186.jpg 300w, https:\/\/brandpowers.shop\/wp-content\/uploads\/2026\/04\/dd193aa8-b99d-4743-bc2b-62f3bcb55c17.__CR00970600_PT0_SX970_V1___-768x475.jpg 768w, https:\/\/brandpowers.shop\/wp-content\/uploads\/2026\/04\/dd193aa8-b99d-4743-bc2b-62f3bcb55c17.__CR00970600_PT0_SX970_V1___-18x12.jpg 18w, https:\/\/brandpowers.shop\/wp-content\/uploads\/2026\/04\/dd193aa8-b99d-4743-bc2b-62f3bcb55c17.__CR00970600_PT0_SX970_V1___-600x371.jpg 600w, https:\/\/brandpowers.shop\/wp-content\/uploads\/2026\/04\/dd193aa8-b99d-4743-bc2b-62f3bcb55c17.__CR00970600_PT0_SX970_V1___-1x1.jpg 1w, https:\/\/brandpowers.shop\/wp-content\/uploads\/2026\/04\/dd193aa8-b99d-4743-bc2b-62f3bcb55c17.__CR00970600_PT0_SX970_V1___-10x6.jpg 10w\" sizes=\"auto, (max-width: 970px) 100vw, 970px\" \/>\t\t\t\t\t\t\t\t\t\t\t\t\t\t\t<\/div>\n\t\t\t\t<\/div>\n\t\t\t\t<div class=\"elementor-element elementor-element-3d1a6bac elementor-widget elementor-widget-image\" data-id=\"3d1a6bac\" data-element_type=\"widget\" data-settings=\"{&quot;ekit_we_effect_on&quot;:&quot;none&quot;}\" data-widget_type=\"image.default\">\n\t\t\t\t<div class=\"elementor-widget-container\">\n\t\t\t\t\t\t\t\t\t\t\t\t\t\t\t<img loading=\"lazy\" decoding=\"async\" width=\"970\" height=\"600\" src=\"https:\/\/brandpowers.shop\/wp-content\/uploads\/2026\/04\/85931c80-9239-4481-9e74-ac3facff459b.__CR00970600_PT0_SX970_V1___.jpg\" class=\"attachment-full size-full wp-image-13680 wvs-archive-product-image\" alt=\"\" srcset=\"https:\/\/brandpowers.shop\/wp-content\/uploads\/2026\/04\/85931c80-9239-4481-9e74-ac3facff459b.__CR00970600_PT0_SX970_V1___.jpg 970w, https:\/\/brandpowers.shop\/wp-content\/uploads\/2026\/04\/85931c80-9239-4481-9e74-ac3facff459b.__CR00970600_PT0_SX970_V1___-300x186.jpg 300w, https:\/\/brandpowers.shop\/wp-content\/uploads\/2026\/04\/85931c80-9239-4481-9e74-ac3facff459b.__CR00970600_PT0_SX970_V1___-768x475.jpg 768w, https:\/\/brandpowers.shop\/wp-content\/uploads\/2026\/04\/85931c80-9239-4481-9e74-ac3facff459b.__CR00970600_PT0_SX970_V1___-18x12.jpg 18w, https:\/\/brandpowers.shop\/wp-content\/uploads\/2026\/04\/85931c80-9239-4481-9e74-ac3facff459b.__CR00970600_PT0_SX970_V1___-600x371.jpg 600w, https:\/\/brandpowers.shop\/wp-content\/uploads\/2026\/04\/85931c80-9239-4481-9e74-ac3facff459b.__CR00970600_PT0_SX970_V1___-1x1.jpg 1w, https:\/\/brandpowers.shop\/wp-content\/uploads\/2026\/04\/85931c80-9239-4481-9e74-ac3facff459b.__CR00970600_PT0_SX970_V1___-10x6.jpg 10w\" sizes=\"auto, (max-width: 970px) 100vw, 970px\" \/>\t\t\t\t\t\t\t\t\t\t\t\t\t\t\t<\/div>\n\t\t\t\t<\/div>\n\t\t\t\t<div class=\"elementor-element elementor-element-66bfb12b elementor-widget elementor-widget-image\" data-id=\"66bfb12b\" data-element_type=\"widget\" data-settings=\"{&quot;ekit_we_effect_on&quot;:&quot;none&quot;}\" data-widget_type=\"image.default\">\n\t\t\t\t<div class=\"elementor-widget-container\">\n\t\t\t\t\t\t\t\t\t\t\t\t\t\t\t<img loading=\"lazy\" decoding=\"async\" width=\"970\" height=\"600\" src=\"https:\/\/brandpowers.shop\/wp-content\/uploads\/2026\/04\/165dd505-7c2e-4bd4-b8a8-da3683487dd2.__CR00970600_PT0_SX970_V1___.jpg\" class=\"attachment-full size-full wp-image-13681 wvs-archive-product-image\" alt=\"\" srcset=\"https:\/\/brandpowers.shop\/wp-content\/uploads\/2026\/04\/165dd505-7c2e-4bd4-b8a8-da3683487dd2.__CR00970600_PT0_SX970_V1___.jpg 970w, https:\/\/brandpowers.shop\/wp-content\/uploads\/2026\/04\/165dd505-7c2e-4bd4-b8a8-da3683487dd2.__CR00970600_PT0_SX970_V1___-300x186.jpg 300w, https:\/\/brandpowers.shop\/wp-content\/uploads\/2026\/04\/165dd505-7c2e-4bd4-b8a8-da3683487dd2.__CR00970600_PT0_SX970_V1___-768x475.jpg 768w, https:\/\/brandpowers.shop\/wp-content\/uploads\/2026\/04\/165dd505-7c2e-4bd4-b8a8-da3683487dd2.__CR00970600_PT0_SX970_V1___-18x12.jpg 18w, https:\/\/brandpowers.shop\/wp-content\/uploads\/2026\/04\/165dd505-7c2e-4bd4-b8a8-da3683487dd2.__CR00970600_PT0_SX970_V1___-600x371.jpg 600w, https:\/\/brandpowers.shop\/wp-content\/uploads\/2026\/04\/165dd505-7c2e-4bd4-b8a8-da3683487dd2.__CR00970600_PT0_SX970_V1___-1x1.jpg 1w, https:\/\/brandpowers.shop\/wp-content\/uploads\/2026\/04\/165dd505-7c2e-4bd4-b8a8-da3683487dd2.__CR00970600_PT0_SX970_V1___-10x6.jpg 10w\" sizes=\"auto, (max-width: 970px) 100vw, 970px\" \/>\t\t\t\t\t\t\t\t\t\t\t\t\t\t\t<\/div>\n\t\t\t\t<\/div>\n\t\t\t\t<div class=\"elementor-element elementor-element-40da3712 elementor-widget elementor-widget-image\" data-id=\"40da3712\" data-element_type=\"widget\" data-settings=\"{&quot;ekit_we_effect_on&quot;:&quot;none&quot;}\" data-widget_type=\"image.default\">\n\t\t\t\t<div class=\"elementor-widget-container\">\n\t\t\t\t\t\t\t\t\t\t\t\t\t\t\t<img loading=\"lazy\" decoding=\"async\" width=\"970\" height=\"600\" src=\"https:\/\/brandpowers.shop\/wp-content\/uploads\/2026\/04\/f0cd667c-3945-4a94-a1cb-f15d0ee993af.__CR00970600_PT0_SX970_V1___.jpg\" class=\"attachment-full size-full wp-image-13682 wvs-archive-product-image\" alt=\"\" srcset=\"https:\/\/brandpowers.shop\/wp-content\/uploads\/2026\/04\/f0cd667c-3945-4a94-a1cb-f15d0ee993af.__CR00970600_PT0_SX970_V1___.jpg 970w, https:\/\/brandpowers.shop\/wp-content\/uploads\/2026\/04\/f0cd667c-3945-4a94-a1cb-f15d0ee993af.__CR00970600_PT0_SX970_V1___-300x186.jpg 300w, https:\/\/brandpowers.shop\/wp-content\/uploads\/2026\/04\/f0cd667c-3945-4a94-a1cb-f15d0ee993af.__CR00970600_PT0_SX970_V1___-768x475.jpg 768w, https:\/\/brandpowers.shop\/wp-content\/uploads\/2026\/04\/f0cd667c-3945-4a94-a1cb-f15d0ee993af.__CR00970600_PT0_SX970_V1___-18x12.jpg 18w, https:\/\/brandpowers.shop\/wp-content\/uploads\/2026\/04\/f0cd667c-3945-4a94-a1cb-f15d0ee993af.__CR00970600_PT0_SX970_V1___-600x371.jpg 600w, https:\/\/brandpowers.shop\/wp-content\/uploads\/2026\/04\/f0cd667c-3945-4a94-a1cb-f15d0ee993af.__CR00970600_PT0_SX970_V1___-1x1.jpg 1w, https:\/\/brandpowers.shop\/wp-content\/uploads\/2026\/04\/f0cd667c-3945-4a94-a1cb-f15d0ee993af.__CR00970600_PT0_SX970_V1___-10x6.jpg 10w\" sizes=\"auto, (max-width: 970px) 100vw, 970px\" \/>\t\t\t\t\t\t\t\t\t\t\t\t\t\t\t<\/div>\n\t\t\t\t<\/div>\n\t\t\t\t<div class=\"elementor-element elementor-element-9eaaba elementor-widget elementor-widget-image\" data-id=\"9eaaba\" data-element_type=\"widget\" data-settings=\"{&quot;ekit_we_effect_on&quot;:&quot;none&quot;}\" data-widget_type=\"image.default\">\n\t\t\t\t<div class=\"elementor-widget-container\">\n\t\t\t\t\t\t\t\t\t\t\t\t\t\t\t<img loading=\"lazy\" decoding=\"async\" width=\"970\" height=\"600\" src=\"https:\/\/brandpowers.shop\/wp-content\/uploads\/2026\/04\/67136011-333c-4886-970c-734be134a654.__CR00970600_PT0_SX970_V1___.jpg\" class=\"attachment-full size-full wp-image-13683 wvs-archive-product-image\" alt=\"\" srcset=\"https:\/\/brandpowers.shop\/wp-content\/uploads\/2026\/04\/67136011-333c-4886-970c-734be134a654.__CR00970600_PT0_SX970_V1___.jpg 970w, https:\/\/brandpowers.shop\/wp-content\/uploads\/2026\/04\/67136011-333c-4886-970c-734be134a654.__CR00970600_PT0_SX970_V1___-300x186.jpg 300w, https:\/\/brandpowers.shop\/wp-content\/uploads\/2026\/04\/67136011-333c-4886-970c-734be134a654.__CR00970600_PT0_SX970_V1___-768x475.jpg 768w, https:\/\/brandpowers.shop\/wp-content\/uploads\/2026\/04\/67136011-333c-4886-970c-734be134a654.__CR00970600_PT0_SX970_V1___-18x12.jpg 18w, https:\/\/brandpowers.shop\/wp-content\/uploads\/2026\/04\/67136011-333c-4886-970c-734be134a654.__CR00970600_PT0_SX970_V1___-600x371.jpg 600w, https:\/\/brandpowers.shop\/wp-content\/uploads\/2026\/04\/67136011-333c-4886-970c-734be134a654.__CR00970600_PT0_SX970_V1___-1x1.jpg 1w, https:\/\/brandpowers.shop\/wp-content\/uploads\/2026\/04\/67136011-333c-4886-970c-734be134a654.__CR00970600_PT0_SX970_V1___-10x6.jpg 10w\" sizes=\"auto, (max-width: 970px) 100vw, 970px\" \/>\t\t\t\t\t\t\t\t\t\t\t\t\t\t\t<\/div>\n\t\t\t\t<\/div>\n\t\t<div class=\"elementor-element elementor-element-4a092ee6 e-grid e-con-full e-con e-child\" data-id=\"4a092ee6\" data-element_type=\"container\" data-settings=\"{&quot;ekit_has_onepagescroll_dot&quot;:&quot;yes&quot;}\">\n\t\t\t\t<div class=\"elementor-element elementor-element-37a0236e elementor-widget elementor-widget-image\" data-id=\"37a0236e\" data-element_type=\"widget\" data-settings=\"{&quot;ekit_we_effect_on&quot;:&quot;none&quot;}\" data-widget_type=\"image.default\">\n\t\t\t\t<div class=\"elementor-widget-container\">\n\t\t\t\t\t\t\t\t\t\t\t\t\t\t\t<img loading=\"lazy\" decoding=\"async\" width=\"1500\" height=\"1500\" src=\"https:\/\/brandpowers.shop\/wp-content\/uploads\/2026\/04\/71DDYksmriL._AC_SL1500_-1.jpg\" class=\"attachment-full size-full wp-image-13684 wvs-archive-product-image\" alt=\"\" srcset=\"https:\/\/brandpowers.shop\/wp-content\/uploads\/2026\/04\/71DDYksmriL._AC_SL1500_-1.jpg 1500w, https:\/\/brandpowers.shop\/wp-content\/uploads\/2026\/04\/71DDYksmriL._AC_SL1500_-1-300x300.jpg 300w, https:\/\/brandpowers.shop\/wp-content\/uploads\/2026\/04\/71DDYksmriL._AC_SL1500_-1-1024x1024.jpg 1024w, https:\/\/brandpowers.shop\/wp-content\/uploads\/2026\/04\/71DDYksmriL._AC_SL1500_-1-150x150.jpg 150w, https:\/\/brandpowers.shop\/wp-content\/uploads\/2026\/04\/71DDYksmriL._AC_SL1500_-1-768x768.jpg 768w, https:\/\/brandpowers.shop\/wp-content\/uploads\/2026\/04\/71DDYksmriL._AC_SL1500_-1-12x12.jpg 12w, https:\/\/brandpowers.shop\/wp-content\/uploads\/2026\/04\/71DDYksmriL._AC_SL1500_-1-600x600.jpg 600w, https:\/\/brandpowers.shop\/wp-content\/uploads\/2026\/04\/71DDYksmriL._AC_SL1500_-1-100x100.jpg 100w, https:\/\/brandpowers.shop\/wp-content\/uploads\/2026\/04\/71DDYksmriL._AC_SL1500_-1-50x50.jpg 50w, https:\/\/brandpowers.shop\/wp-content\/uploads\/2026\/04\/71DDYksmriL._AC_SL1500_-1-1x1.jpg 1w, https:\/\/brandpowers.shop\/wp-content\/uploads\/2026\/04\/71DDYksmriL._AC_SL1500_-1-10x10.jpg 10w\" sizes=\"auto, (max-width: 1500px) 100vw, 1500px\" \/>\t\t\t\t\t\t\t\t\t\t\t\t\t\t\t<\/div>\n\t\t\t\t<\/div>\n\t\t\t\t<div class=\"elementor-element elementor-element-44bb0956 elementor-widget elementor-widget-image\" data-id=\"44bb0956\" data-element_type=\"widget\" data-settings=\"{&quot;ekit_we_effect_on&quot;:&quot;none&quot;}\" data-widget_type=\"image.default\">\n\t\t\t\t<div class=\"elementor-widget-container\">\n\t\t\t\t\t\t\t\t\t\t\t\t\t\t\t<img loading=\"lazy\" decoding=\"async\" width=\"1024\" height=\"1024\" src=\"https:\/\/brandpowers.shop\/wp-content\/uploads\/2026\/04\/71fkemCmTzL._AC_SL1500_-1-1024x1024.jpg\" class=\"attachment-large size-large wp-image-13685 wvs-archive-product-image\" alt=\"\" srcset=\"https:\/\/brandpowers.shop\/wp-content\/uploads\/2026\/04\/71fkemCmTzL._AC_SL1500_-1-1024x1024.jpg 1024w, https:\/\/brandpowers.shop\/wp-content\/uploads\/2026\/04\/71fkemCmTzL._AC_SL1500_-1-300x300.jpg 300w, https:\/\/brandpowers.shop\/wp-content\/uploads\/2026\/04\/71fkemCmTzL._AC_SL1500_-1-150x150.jpg 150w, https:\/\/brandpowers.shop\/wp-content\/uploads\/2026\/04\/71fkemCmTzL._AC_SL1500_-1-768x768.jpg 768w, https:\/\/brandpowers.shop\/wp-content\/uploads\/2026\/04\/71fkemCmTzL._AC_SL1500_-1-12x12.jpg 12w, https:\/\/brandpowers.shop\/wp-content\/uploads\/2026\/04\/71fkemCmTzL._AC_SL1500_-1-600x600.jpg 600w, https:\/\/brandpowers.shop\/wp-content\/uploads\/2026\/04\/71fkemCmTzL._AC_SL1500_-1-100x100.jpg 100w, https:\/\/brandpowers.shop\/wp-content\/uploads\/2026\/04\/71fkemCmTzL._AC_SL1500_-1-50x50.jpg 50w, https:\/\/brandpowers.shop\/wp-content\/uploads\/2026\/04\/71fkemCmTzL._AC_SL1500_-1-1x1.jpg 1w, https:\/\/brandpowers.shop\/wp-content\/uploads\/2026\/04\/71fkemCmTzL._AC_SL1500_-1-10x10.jpg 10w, https:\/\/brandpowers.shop\/wp-content\/uploads\/2026\/04\/71fkemCmTzL._AC_SL1500_-1.jpg 1500w\" sizes=\"auto, (max-width: 1024px) 100vw, 1024px\" \/>\t\t\t\t\t\t\t\t\t\t\t\t\t\t\t<\/div>\n\t\t\t\t<\/div>\n\t\t\t\t<div class=\"elementor-element elementor-element-76c8fae2 elementor-widget elementor-widget-image\" data-id=\"76c8fae2\" data-element_type=\"widget\" data-settings=\"{&quot;ekit_we_effect_on&quot;:&quot;none&quot;}\" data-widget_type=\"image.default\">\n\t\t\t\t<div class=\"elementor-widget-container\">\n\t\t\t\t\t\t\t\t\t\t\t\t\t\t\t<img loading=\"lazy\" decoding=\"async\" width=\"1024\" height=\"1024\" src=\"https:\/\/brandpowers.shop\/wp-content\/uploads\/2026\/04\/71l3tuhwOjL._AC_SL1500_-1024x1024.jpg\" class=\"attachment-large size-large wp-image-13686 wvs-archive-product-image\" alt=\"\" srcset=\"https:\/\/brandpowers.shop\/wp-content\/uploads\/2026\/04\/71l3tuhwOjL._AC_SL1500_-1024x1024.jpg 1024w, https:\/\/brandpowers.shop\/wp-content\/uploads\/2026\/04\/71l3tuhwOjL._AC_SL1500_-300x300.jpg 300w, https:\/\/brandpowers.shop\/wp-content\/uploads\/2026\/04\/71l3tuhwOjL._AC_SL1500_-150x150.jpg 150w, https:\/\/brandpowers.shop\/wp-content\/uploads\/2026\/04\/71l3tuhwOjL._AC_SL1500_-768x768.jpg 768w, https:\/\/brandpowers.shop\/wp-content\/uploads\/2026\/04\/71l3tuhwOjL._AC_SL1500_-12x12.jpg 12w, https:\/\/brandpowers.shop\/wp-content\/uploads\/2026\/04\/71l3tuhwOjL._AC_SL1500_-600x600.jpg 600w, https:\/\/brandpowers.shop\/wp-content\/uploads\/2026\/04\/71l3tuhwOjL._AC_SL1500_-100x100.jpg 100w, https:\/\/brandpowers.shop\/wp-content\/uploads\/2026\/04\/71l3tuhwOjL._AC_SL1500_-50x50.jpg 50w, https:\/\/brandpowers.shop\/wp-content\/uploads\/2026\/04\/71l3tuhwOjL._AC_SL1500_-1x1.jpg 1w, https:\/\/brandpowers.shop\/wp-content\/uploads\/2026\/04\/71l3tuhwOjL._AC_SL1500_-10x10.jpg 10w, https:\/\/brandpowers.shop\/wp-content\/uploads\/2026\/04\/71l3tuhwOjL._AC_SL1500_.jpg 1500w\" sizes=\"auto, (max-width: 1024px) 100vw, 1024px\" \/>\t\t\t\t\t\t\t\t\t\t\t\t\t\t\t<\/div>\n\t\t\t\t<\/div>\n\t\t\t\t<div class=\"elementor-element elementor-element-7db50df7 elementor-widget elementor-widget-image\" data-id=\"7db50df7\" data-element_type=\"widget\" data-settings=\"{&quot;ekit_we_effect_on&quot;:&quot;none&quot;}\" data-widget_type=\"image.default\">\n\t\t\t\t<div class=\"elementor-widget-container\">\n\t\t\t\t\t\t\t\t\t\t\t\t\t\t\t<img loading=\"lazy\" decoding=\"async\" width=\"1024\" height=\"1024\" src=\"https:\/\/brandpowers.shop\/wp-content\/uploads\/2026\/04\/71Oz-lubTL._AC_SL1500_-1-1024x1024.jpg\" class=\"attachment-large size-large wp-image-13687 wvs-archive-product-image\" alt=\"\" srcset=\"https:\/\/brandpowers.shop\/wp-content\/uploads\/2026\/04\/71Oz-lubTL._AC_SL1500_-1-1024x1024.jpg 1024w, https:\/\/brandpowers.shop\/wp-content\/uploads\/2026\/04\/71Oz-lubTL._AC_SL1500_-1-300x300.jpg 300w, https:\/\/brandpowers.shop\/wp-content\/uploads\/2026\/04\/71Oz-lubTL._AC_SL1500_-1-150x150.jpg 150w, https:\/\/brandpowers.shop\/wp-content\/uploads\/2026\/04\/71Oz-lubTL._AC_SL1500_-1-768x768.jpg 768w, https:\/\/brandpowers.shop\/wp-content\/uploads\/2026\/04\/71Oz-lubTL._AC_SL1500_-1-12x12.jpg 12w, https:\/\/brandpowers.shop\/wp-content\/uploads\/2026\/04\/71Oz-lubTL._AC_SL1500_-1-600x600.jpg 600w, https:\/\/brandpowers.shop\/wp-content\/uploads\/2026\/04\/71Oz-lubTL._AC_SL1500_-1-100x100.jpg 100w, https:\/\/brandpowers.shop\/wp-content\/uploads\/2026\/04\/71Oz-lubTL._AC_SL1500_-1-50x50.jpg 50w, https:\/\/brandpowers.shop\/wp-content\/uploads\/2026\/04\/71Oz-lubTL._AC_SL1500_-1-1x1.jpg 1w, https:\/\/brandpowers.shop\/wp-content\/uploads\/2026\/04\/71Oz-lubTL._AC_SL1500_-1-10x10.jpg 10w, https:\/\/brandpowers.shop\/wp-content\/uploads\/2026\/04\/71Oz-lubTL._AC_SL1500_-1.jpg 1500w\" sizes=\"auto, (max-width: 1024px) 100vw, 1024px\" \/>\t\t\t\t\t\t\t\t\t\t\t\t\t\t\t<\/div>\n\t\t\t\t<\/div>\n\t\t\t\t<\/div>\n\t\t\t\t<div class=\"elementor-element elementor-element-3a34f2eb elementor-widget elementor-widget-text-editor\" data-id=\"3a34f2eb\" data-element_type=\"widget\" data-settings=\"{&quot;ekit_we_effect_on&quot;:&quot;none&quot;}\" data-widget_type=\"text-editor.default\">\n\t\t\t\t<div class=\"elementor-widget-container\">\n\t\t\t\t\t\t\t\t\t<!DOCTYPE html>\n<html lang=\"en\">\n<head>\n<meta charset=\"UTF-8\">\n<meta name=\"viewport\" content=\"width=device-width, initial-scale=1.0\">\n<title>Details<\/title>\n<style>\n  * {\n    margin: 0;\n    padding: 0;\n    box-sizing: border-box;\n  }\n  body {\n    background: transparent;\n    font-family: 'Inter', 'Segoe UI', system-ui, sans-serif;\n    -webkit-font-smoothing: antialiased;\n    padding: 20px 0;\n  }\n  .spec-table {\n    width: 100%;\n    border-collapse: collapse;\n    font-size: 14px;\n    color: #333;\n    line-height: 1.8;\n  }\n  .spec-table tr {\n    border-bottom: 1px solid rgba(210, 210, 210, 0.3);\n    background: transparent;\n  }\n  .spec-table td {\n    padding: 14px 16px;\n    text-align: left;\n    vertical-align: top;\n    background: transparent;\n    word-break: break-word;\n  }\n  .spec-table td:nth-child(1),\n  .spec-table td:nth-child(3) {\n    width: 20%;\n    font-weight: 500;\n    color: #222;\n  }\n  .spec-table td:nth-child(2),\n  .spec-table td:nth-child(4) {\n    width: 30%;\n    color: #555;\n  }\n<\/style>\n<\/head>\n<body>\n\n<table class=\"spec-table\">\n  <tr>\n    <td>Sistema operativo<\/td>\n    <td>Android 9.0<\/td>\n    <td>Memoria RAM instalada<\/td>\n    <td>16 GB<\/td>\n  <\/tr>\n  <tr>\n    <td>Capacidad de almacenamiento de memoria<\/td>\n    <td>16 GB<\/td>\n    <td>Color<\/td>\n    <td>Negro, rosa, azul<\/td>\n  <\/tr>\n  <tr>\n    <td>N\u00famero de ranuras para tarjetas SIM<\/td>\n    <td>Doble SIM<\/td>\n    <td>Tipo de conector<\/td>\n    <td>USB tipo C<\/td>\n  <\/tr>\n  <tr>\n    <td>Factor de forma<\/td>\n    <td>Bar<\/td>\n    <td>Seguridad biom\u00e9trica<\/td>\n    <td>Reconocimiento facial<\/td>\n  <\/tr>\n  <tr>\n    <td>Entrada de interfaz humana<\/td>\n    <td>Pantalla t\u00e1ctil<\/td>\n    <td>Tama\u00f1o de la tarjeta SIM<\/td>\n    <td>Nano<\/td>\n  <\/tr>\n  <tr>\n    <td>Nivel de resistencia al agua<\/td>\n    <td>No resistente al agua<\/td>\n    <td>Caracter\u00edsticas adicionales<\/td>\n    <td>GPS integrado, Dual SIM, memoria ampliable, punto de acceso m\u00f3vil, altavoces est\u00e9reo<\/td>\n  <\/tr>\n<\/table>\n\n<\/body>\n<\/html>\t\t\t\t\t\t\t\t<\/div>\n\t\t\t\t<\/div>\n\t\t\t\t\t<\/div>\n\t\t\t\t<\/div>\n\t\t\t\t<\/div>","protected":false},"excerpt":{"rendered":"<p>Details Operating System Android 9.0 RAM Memory Installed 16 GB Memory Storage Capacity 16 GB Color Black, Pink, Blue SIM&#8230;<\/p>","protected":false},"featured_media":13667,"comment_status":"open","ping_status":"closed","template":"","meta":{"_acf_changed":false},"etheme_brands":[],"product_brand":[],"product_cat":[118],"product_tag":[],"class_list":{"0":"post-13663","1":"product","2":"type-product","3":"status-publish","4":"has-post-thumbnail","6":"product_cat-sale-shop","8":"first","9":"instock","10":"sale","11":"shipping-taxable","12":"purchasable","13":"product-type-variable","14":"has-default-attributes","15":"wvs-archive-product-wrapper"},"acf":[],"_links":{"self":[{"href":"https:\/\/brandpowers.shop\/es\/wp-json\/wp\/v2\/product\/13663","targetHints":{"allow":["GET"]}}],"collection":[{"href":"https:\/\/brandpowers.shop\/es\/wp-json\/wp\/v2\/product"}],"about":[{"href":"https:\/\/brandpowers.shop\/es\/wp-json\/wp\/v2\/types\/product"}],"replies":[{"embeddable":true,"href":"https:\/\/brandpowers.shop\/es\/wp-json\/wp\/v2\/comments?post=13663"}],"version-history":[{"count":4,"href":"https:\/\/brandpowers.shop\/es\/wp-json\/wp\/v2\/product\/13663\/revisions"}],"predecessor-version":[{"id":13695,"href":"https:\/\/brandpowers.shop\/es\/wp-json\/wp\/v2\/product\/13663\/revisions\/13695"}],"wp:featuredmedia":[{"embeddable":true,"href":"https:\/\/brandpowers.shop\/es\/wp-json\/wp\/v2\/media\/13667"}],"wp:attachment":[{"href":"https:\/\/brandpowers.shop\/es\/wp-json\/wp\/v2\/media?parent=13663"}],"wp:term":[{"taxonomy":"brand","embeddable":true,"href":"https:\/\/brandpowers.shop\/es\/wp-json\/wp\/v2\/etheme_brands?post=13663"},{"taxonomy":"product_brand","embeddable":true,"href":"https:\/\/brandpowers.shop\/es\/wp-json\/wp\/v2\/product_brand?post=13663"},{"taxonomy":"product_cat","embeddable":true,"href":"https:\/\/brandpowers.shop\/es\/wp-json\/wp\/v2\/product_cat?post=13663"},{"taxonomy":"product_tag","embeddable":true,"href":"https:\/\/brandpowers.shop\/es\/wp-json\/wp\/v2\/product_tag?post=13663"}],"curies":[{"name":"wp","href":"https:\/\/api.w.org\/{rel}","templated":true}]}}